{"id":125,"date":"2016-09-28T00:58:54","date_gmt":"2016-09-28T00:58:54","guid":{"rendered":"http:\/\/plethorathemes.com\/healthflex\/dentist\/?page_id=125"},"modified":"2025-08-28T19:34:21","modified_gmt":"2025-08-28T17:34:21","slug":"nos-soins","status":"publish","type":"page","link":"https:\/\/cabinet-dentaireriviera.ch\/index.php\/nos-soins\/","title":{"rendered":"Nos Soins"},"content":{"rendered":"<div class=\"wpb-content-wrapper\"><p>[vc_row color_set=\u00a0\u00bblight_section\u00a0\u00bb full_width=\u00a0\u00bb0&Prime; full_height=\u00a0\u00bb0&Prime; background=\u00a0\u00bbbgimage\u00a0\u00bb bgimage=\u00a0\u00bb415&Prime; parallax=\u00a0\u00bb0&Prime; el_id=\u00a0\u00bblaser\u00a0\u00bb][vc_column]<div class=\"section_header subtitle_bottom   fancy text-left\">\n\n    <h2>Informations sur le Laser<\/h2>\n\n\n        <p >Les avantages du laser compar\u00e9s aux techniques traditionnelles <\/p>\n<\/div>[\/vc_column][vc_column offset=\u00a0\u00bbvc_col-md-6&Prime;][vc_text_separator title=\u00a0\u00bbMedicine non-invasive\u00a0\u00bb title_align=\u00a0\u00bbseparator_align_left\u00a0\u00bb][vc_column_text]<\/p>\n<div id=\"main-content\">\n<section role=\"main\">\n<div class=\"component presentation default_view\">\n<div class=\"presentation-content content\">\n<div class=\"richtext text\">\n<p><img loading=\"lazy\" decoding=\"async\" class=\"alignleft wp-image-776\" src=\"http:\/\/fromvps434795.ovh.net-riviera.w6a409ujgi-ypj68gle93l2.p.runcloud.link\/wp-content\/uploads\/2016\/09\/laser-300x300.png\" alt=\"\" width=\"56\" height=\"56\" srcset=\"https:\/\/cabinet-dentaireriviera.ch\/wp-content\/uploads\/2016\/09\/laser-300x300.png 300w, https:\/\/cabinet-dentaireriviera.ch\/wp-content\/uploads\/2016\/09\/laser-150x150.png 150w, https:\/\/cabinet-dentaireriviera.ch\/wp-content\/uploads\/2016\/09\/laser-768x768.png 768w, https:\/\/cabinet-dentaireriviera.ch\/wp-content\/uploads\/2016\/09\/laser.png 901w\" sizes=\"auto, (max-width: 56px) 100vw, 56px\" \/>Dans de nombreux cas, le laser remplace la fraise (roulette) et supprime ainsi l&rsquo;inconfort des vibrations, du bruit strident et de la pression.<\/p>\n<p>Gr\u00e2ce au laser, il n&rsquo;y a aucun contact physique direct avec la dent. La seule \u00e9nergie de la lumi\u00e8re laser suffit \u00e0 traiter sensibiilt\u00e9s dentaires, caries, abc\u00e8s, maladies de la gencive et des tissus de soutien de la dent.<\/p>\n<p>La pr\u00e9cision du laser \u00e9vite les dommages des tissus voisins et permet un traitement total, a minima, extr\u00eamement cibl\u00e9, ainsi qu&rsquo;une st\u00e9rilisation des cavit\u00e9s avant obturation et une meilleure cicatrisation des gencives.<\/p>\n<p>Gr\u00e2ce \u00e0 ses effets de bio-stimulation (r\u00e9g\u00e9n\u00e9ration de la gencive et de l&rsquo;os), le laser permet une cicatrisation tissulaire beaucoup plus rapide qu&rsquo;avec des m\u00e9thodes traditionnelles.<\/p>\n<\/div>\n<\/div>\n<\/div>\n<\/section>\n<\/div>\n<p>[\/vc_column_text][vc_column_text]De plus, l&rsquo;anesth\u00e9sie peut \u00eatre souvent \u00e9vit\u00e9e, ce qui repr\u00e9sente un \u00e9norme b\u00e9n\u00e9fice pour les patients, en particulier pour les enfants. Ainsi, vous rentrerez chez vous sans engourdissement du visage et sans douleur.[\/vc_column_text]<div class=\"plethora_button wpb_content_element   text-left \">\n    <a href=\"http:\/\/cabinet-dentaireriviera.ch\" debug class=\" btn btn-primary  \" title=\"\"  target=\"_self\">\n\n        \n        Retour \u00e0 la page d&#039;accueil\n        \n\n    <\/a>\n<\/div>[\/vc_column][vc_column offset=\u00a0\u00bbvc_col-md-6&Prime;][vc_empty_space height=\u00a0\u00bb14px\u00a0\u00bb][vc_single_image image=\u00a0\u00bb702&Prime; img_size=\u00a0\u00bblarge\u00a0\u00bb][\/vc_column][\/vc_row][vc_row full_width=\u00a0\u00bb0&Prime; full_height=\u00a0\u00bb0&Prime; particles=\u00a0\u00bb0&Prime; el_id=\u00a0\u00bbparodontologie\u00a0\u00bb][vc_column width=\u00a0\u00bb1\/2&Prime; align=\u00a0\u00bbtext-left\u00a0\u00bb]<div class=\"section_header subtitle_bottom   fancy text-left\">\n\n    <h2>Parodontologie<\/h2>\n\n\n        <p >Gingivite, maladies parodontales , parodontite<\/p>\n<\/div>[vc_column_text]<img loading=\"lazy\" decoding=\"async\" class=\"alignleft wp-image-718\" src=\"http:\/\/fromvps434795.ovh.net-riviera.w6a409ujgi-ypj68gle93l2.p.runcloud.link\/wp-content\/uploads\/2016\/09\/parodonthie-300x300.png\" alt=\"\" width=\"62\" height=\"62\" srcset=\"https:\/\/cabinet-dentaireriviera.ch\/wp-content\/uploads\/2016\/09\/parodonthie-300x300.png 300w, https:\/\/cabinet-dentaireriviera.ch\/wp-content\/uploads\/2016\/09\/parodonthie-150x150.png 150w, https:\/\/cabinet-dentaireriviera.ch\/wp-content\/uploads\/2016\/09\/parodonthie-768x768.png 768w, https:\/\/cabinet-dentaireriviera.ch\/wp-content\/uploads\/2016\/09\/parodonthie.png 901w\" sizes=\"auto, (max-width: 62px) 100vw, 62px\" \/><\/p>\n<div dir=\"auto\">Domaine de la dentisterie sp\u00e9cialis\u00e9e dans le traitement des tissus de soutien de la dent ( depuis la gencive jusqu&rsquo;\u00e0 l&rsquo;os sous-jacent)<\/div>\n<div dir=\"auto\">Un bon \u00e9tat parodontal permet d&rsquo;assurer et de conserver la fixation et le soutien des dents dans les m\u00e2choires.<\/div>\n<p>&nbsp;<\/p>\n<ul>\n<li>Il est indispensable de faire un diagnostic parodontal approfondi avant tout type de traitement.<\/li>\n<li>La conservation d&rsquo;un bon \u00e9tat parodontal passe par des contr\u00f4les et des d\u00e9tartrages r\u00e9guliers.<\/li>\n<li>Nous vous guiderons par des mesures d&rsquo;hygi\u00e8ne adapt\u00e9es ainsi que dans le suivi \u00e0 moyen\/ long terme du traitement.<\/li>\n<\/ul>\n<div dir=\"auto\"><strong><em>Aucune construction n&rsquo;est durable sur des sables mouvants<\/em><\/strong><\/div>\n<p>[\/vc_column_text]<div class=\"plethora_button wpb_content_element   text-left \">\n    <a href=\"http:\/\/cabinet-dentaireriviera.ch\" debug class=\" btn btn-primary  \" title=\"\"  target=\"_self\">\n\n        \n        Retour \u00e0 la page d&#039;accueil\n        \n\n    <\/a>\n<\/div>[\/vc_column][vc_column width=\u00a0\u00bb1\/2&Prime;][vc_empty_space height=\u00a0\u00bb125px\u00a0\u00bb][vc_single_image image=\u00a0\u00bb831&Prime; img_size=\u00a0\u00bbfull\u00a0\u00bb][\/vc_column][\/vc_row][vc_row full_width=\u00a0\u00bb0&Prime; full_height=\u00a0\u00bb0&Prime; particles=\u00a0\u00bb0&Prime; css=\u00a0\u00bb.vc_custom_1504103508463{background-color: #e5e5e5 !important;}\u00a0\u00bb el_id=\u00a0\u00bbimplants\u00a0\u00bb][vc_column width=\u00a0\u00bb1\/2&Prime;]<div class=\"section_header subtitle_bottom   fancy text-left\">\n\n    <h2>Implants Dentaires<\/h2>\n\n\n        <p >INFORMATIONS SUR LES IMPLANTS DENTAIRES<\/p>\n<\/div>[vc_column_text]<\/p>\n<p style=\"text-align: left;\"><img loading=\"lazy\" decoding=\"async\" class=\"wp-image-725 alignleft\" src=\"http:\/\/fromvps434795.ovh.net-riviera.w6a409ujgi-ypj68gle93l2.p.runcloud.link\/wp-content\/uploads\/2016\/09\/implants-dentaires-300x300.png\" alt=\"\" width=\"60\" height=\"60\" srcset=\"https:\/\/cabinet-dentaireriviera.ch\/wp-content\/uploads\/2016\/09\/implants-dentaires-300x300.png 300w, https:\/\/cabinet-dentaireriviera.ch\/wp-content\/uploads\/2016\/09\/implants-dentaires-150x150.png 150w, https:\/\/cabinet-dentaireriviera.ch\/wp-content\/uploads\/2016\/09\/implants-dentaires-768x768.png 768w, https:\/\/cabinet-dentaireriviera.ch\/wp-content\/uploads\/2016\/09\/implants-dentaires.png 901w\" sizes=\"auto, (max-width: 60px) 100vw, 60px\" \/>La pose d\u2019implants repr\u00e9sente aujourd\u2019hui une \u00e9volution majeure de la dentisterie.<br \/>\nCette discipline permet le remplacement des dents absentes en lieu et place des dents naturelles, autorisant ainsi la r\u00e9alisation de couronnes unitaires ou de ponts sans d\u00e9t\u00e9riorer les dents voisines.<br \/>\nElle permet aussi d\u2019am\u00e9liorer consid\u00e9rablement la tenue en bouche d\u2019anciens appareils par l\u2019interm\u00e9diaire de diff\u00e9rents syst\u00e8mes d\u2019attachements.<\/p>\n<p>[\/vc_column_text][vc_tta_accordion][vc_tta_section title=\u00a0\u00bbCouronnes sur implants\u00a0\u00bb tab_id=\u00a0\u00bb1503694297784-a306f689-f380&Prime;][vc_column_text]Pour le remplacement d&rsquo;une dent sans mutiler les dents voisines.<\/p>\n<p><img loading=\"lazy\" decoding=\"async\" class=\"size-medium wp-image-771 alignleft\" src=\"http:\/\/fromvps434795.ovh.net-riviera.w6a409ujgi-ypj68gle93l2.p.runcloud.link\/wp-content\/uploads\/2016\/09\/ximploimg.jpg.pagespeed.ic_.giIrpQl8Z1-1-300x105.jpg\" alt=\"\" width=\"300\" height=\"105\" srcset=\"https:\/\/cabinet-dentaireriviera.ch\/wp-content\/uploads\/2016\/09\/ximploimg.jpg.pagespeed.ic_.giIrpQl8Z1-1-300x105.jpg 300w, https:\/\/cabinet-dentaireriviera.ch\/wp-content\/uploads\/2016\/09\/ximploimg.jpg.pagespeed.ic_.giIrpQl8Z1-1-768x269.jpg 768w, https:\/\/cabinet-dentaireriviera.ch\/wp-content\/uploads\/2016\/09\/ximploimg.jpg.pagespeed.ic_.giIrpQl8Z1-1-1024x358.jpg 1024w, https:\/\/cabinet-dentaireriviera.ch\/wp-content\/uploads\/2016\/09\/ximploimg.jpg.pagespeed.ic_.giIrpQl8Z1-1.jpg 1600w\" sizes=\"auto, (max-width: 300px) 100vw, 300px\" \/>[\/vc_column_text][\/vc_tta_section][vc_tta_section title=\u00a0\u00bb Ponts sur implants\u00a0\u00bb tab_id=\u00a0\u00bb1503694297845-6f1f3a43-4a1a\u00a0\u00bb][vc_column_text]Pour le remplacement de plusieurs dents voisines, fixes, comme vos propres dents.<\/p>\n<p><img loading=\"lazy\" decoding=\"async\" class=\"alignleft size-medium wp-image-596\" src=\"http:\/\/fromvps434795.ovh.net-riviera.w6a409ujgi-ypj68gle93l2.p.runcloud.link\/wp-content\/uploads\/2016\/09\/dental-implants-bridge-300x154.png\" alt=\"\" width=\"300\" height=\"154\" srcset=\"https:\/\/cabinet-dentaireriviera.ch\/wp-content\/uploads\/2016\/09\/dental-implants-bridge-300x154.png 300w, https:\/\/cabinet-dentaireriviera.ch\/wp-content\/uploads\/2016\/09\/dental-implants-bridge.png 500w\" sizes=\"auto, (max-width: 300px) 100vw, 300px\" \/>[\/vc_column_text][\/vc_tta_section][vc_tta_section title=\u00a0\u00bbAppareils et implants\u00a0\u00bb tab_id=\u00a0\u00bb1503694767919-f0537acd-0080&Prime;][vc_column_text]Pour la stabilisation et le maintien d&rsquo;appareils dentaires.<\/p>\n<p><img loading=\"lazy\" decoding=\"async\" class=\"alignleft size-medium wp-image-635\" src=\"http:\/\/fromvps434795.ovh.net-riviera.w6a409ujgi-ypj68gle93l2.p.runcloud.link\/wp-content\/uploads\/2016\/09\/261861654ba54c47ae2ca635e06b7045-300x187.jpg\" alt=\"\" width=\"300\" height=\"187\" srcset=\"https:\/\/cabinet-dentaireriviera.ch\/wp-content\/uploads\/2016\/09\/261861654ba54c47ae2ca635e06b7045-300x187.jpg 300w, https:\/\/cabinet-dentaireriviera.ch\/wp-content\/uploads\/2016\/09\/261861654ba54c47ae2ca635e06b7045.jpg 400w\" sizes=\"auto, (max-width: 300px) 100vw, 300px\" \/>[\/vc_column_text][\/vc_tta_section][\/vc_tta_accordion]<div class=\"plethora_button wpb_content_element   text-left \">\n    <a href=\"http:\/\/cabinet-dentaireriviera.ch\" debug class=\" btn btn-primary  \" title=\"\"  target=\"_self\">\n\n        \n        Retour \u00e0 la page d&#039;accueil\n        \n\n    <\/a>\n<\/div>[\/vc_column][vc_column width=\u00a0\u00bb1\/2&Prime;][vc_empty_space height=\u00a0\u00bb52px\u00a0\u00bb][vc_single_image image=\u00a0\u00bb659&Prime; img_size=\u00a0\u00bbmedium\u00a0\u00bb alignment=\u00a0\u00bbcenter\u00a0\u00bb][\/vc_column][\/vc_row][vc_row full_width=\u00a0\u00bb1&Prime; full_height=\u00a0\u00bb0&Prime; particles=\u00a0\u00bb0&Prime; css=\u00a0\u00bb.vc_custom_1503854690165{background-color: #ffffff !important;}\u00a0\u00bb el_id=\u00a0\u00bbplatelet\u00a0\u00bb][vc_column width=\u00a0\u00bb1\/2&Prime; css=\u00a0\u00bb.vc_custom_1504845241720{padding-left: 130px !important;}\u00a0\u00bb]<div class=\"section_header subtitle_bottom   fancy text-left\">\n\n    <h2>Empreinte optique<\/h2>\n\n\n        <p >L\u2019empreinte optique num\u00e9rique permet de supprimer toute p\u00e2te \u00e0 empreinte et d\u2019obtenir une empreinte confortable et de tr\u00e8s haute pr\u00e9cision.<\/p>\n<\/div>[vc_column_text]<img loading=\"lazy\" decoding=\"async\" class=\"wp-image-909 alignleft\" src=\"http:\/\/fromvps434795.ovh.net-riviera.w6a409ujgi-ypj68gle93l2.p.runcloud.link\/wp-content\/uploads\/2018\/03\/empreinte-optique-cabinet-dentaire-riviera-vevey-services-incon.png\" alt=\"\" width=\"65\" height=\"65\" \/><\/p>\n<p>&nbsp;<\/p>\n<p>L&#8217;empreinte optique permet de :<\/p>\n<p>&nbsp;<\/p>\n<ul>\n<li>Supprimer toute p\u00e2te \u00e0 empreinte dans la bouche du patient.<\/li>\n<li>Scanner la totalit\u00e9 des m\u00e2choires et des dents gr\u00e2ce \u00e0 une simple cam\u00e9ra.<\/li>\n<li>Supprimer toute d\u00e9formation due aux p\u00e2tes \u00e0 empreinte classique.<\/li>\n<li>Obtenir une empreinte rapide et une pr\u00e9cision in\u00e9galable.<\/li>\n<\/ul>\n<p>[\/vc_column_text]<div class=\"plethora_button wpb_content_element   text-left \">\n    <a href=\"http:\/\/cabinet-dentaireriviera.ch\" debug class=\" btn btn-primary  \" title=\"\"  target=\"_self\">\n\n        \n        Retour \u00e0 la page d&#039;accueil\n        \n\n    <\/a>\n<\/div>[\/vc_column][vc_column width=\u00a0\u00bb1\/2&Prime;][vc_single_image image=\u00a0\u00bb984&Prime; img_size=\u00a0\u00bblarge\u00a0\u00bb alignment=\u00a0\u00bbright\u00a0\u00bb][\/vc_column][\/vc_row][vc_row][vc_column][vc_single_image image=\u00a0\u00bb77&Prime; img_size=\u00a0\u00bbfull\u00a0\u00bb alignment=\u00a0\u00bbcenter\u00a0\u00bb][\/vc_column][\/vc_row]<\/p>\n<\/div>","protected":false},"excerpt":{"rendered":"<p>[vc_row color_set=\u00a0\u00bblight_section\u00a0\u00bb full_width=\u00a0\u00bb0&Prime; full_height=\u00a0\u00bb0&Prime; background=\u00a0\u00bbbgimage\u00a0\u00bb bgimage=\u00a0\u00bb415&Prime; parallax=\u00a0\u00bb0&Prime; el_id=\u00a0\u00bblaser\u00a0\u00bb][vc_column][\/vc_column][vc_column offset=\u00a0\u00bbvc_col-md-6&Prime;][vc_text_separator title=\u00a0\u00bbMedicine non-invasive\u00a0\u00bb title_align=\u00a0\u00bbseparator_align_left\u00a0\u00bb][vc_column_text] Dans de nombreux cas, le laser remplace la fraise (roulette) et supprime ainsi l&rsquo;inconfort des vibrations, du bruit strident et de la pression. Gr\u00e2ce au laser, il n&rsquo;y a aucun contact physique direct avec la dent. La seule \u00e9nergie de la lumi\u00e8re laser [&hellip;]<\/p>\n","protected":false},"author":1,"featured_media":0,"parent":0,"menu_order":0,"comment_status":"closed","ping_status":"closed","template":"","meta":{"footnotes":""},"class_list":["post-125","page","type-page","status-publish","hentry"],"_links":{"self":[{"href":"https:\/\/cabinet-dentaireriviera.ch\/index.php\/wp-json\/wp\/v2\/pages\/125","targetHints":{"allow":["GET"]}}],"collection":[{"href":"https:\/\/cabinet-dentaireriviera.ch\/index.php\/wp-json\/wp\/v2\/pages"}],"about":[{"href":"https:\/\/cabinet-dentaireriviera.ch\/index.php\/wp-json\/wp\/v2\/types\/page"}],"author":[{"embeddable":true,"href":"https:\/\/cabinet-dentaireriviera.ch\/index.php\/wp-json\/wp\/v2\/users\/1"}],"replies":[{"embeddable":true,"href":"https:\/\/cabinet-dentaireriviera.ch\/index.php\/wp-json\/wp\/v2\/comments?post=125"}],"version-history":[{"count":5,"href":"https:\/\/cabinet-dentaireriviera.ch\/index.php\/wp-json\/wp\/v2\/pages\/125\/revisions"}],"predecessor-version":[{"id":985,"href":"https:\/\/cabinet-dentaireriviera.ch\/index.php\/wp-json\/wp\/v2\/pages\/125\/revisions\/985"}],"wp:attachment":[{"href":"https:\/\/cabinet-dentaireriviera.ch\/index.php\/wp-json\/wp\/v2\/media?parent=125"}],"curies":[{"name":"wp","href":"https:\/\/api.w.org\/{rel}","templated":true}]}}